{"id":2279,"date":"2022-11-09T08:59:26","date_gmt":"2022-11-09T08:59:26","guid":{"rendered":"https:\/\/www.villahase.at\/?page_id=2279"},"modified":"2023-01-25T17:16:28","modified_gmt":"2023-01-25T16:16:28","slug":"stillgruppe-neusiedl","status":"publish","type":"page","link":"https:\/\/www.villahase.at\/?page_id=2279","title":{"rendered":"Stillgruppe Neusiedl"},"content":{"rendered":"<p>[et_pb_section fb_built=&#8220;1&#8243; _builder_version=&#8220;4.16&#8243; custom_padding=&#8220;||75px|||&#8220; top_divider_style=&#8220;clouds2&#8243; top_divider_color=&#8220;#d8bee2&#8243; bottom_divider_style=&#8220;clouds2&#8243; bottom_divider_color=&#8220;#d8bee2&#8243; global_colors_info=&#8220;{}&#8220;][et_pb_row _builder_version=&#8220;4.16&#8243; custom_padding=&#8220;71px|||||&#8220; global_colors_info=&#8220;{}&#8220;][et_pb_column type=&#8220;4_4&#8243; _builder_version=&#8220;4.16&#8243; global_colors_info=&#8220;{}&#8220;][et_pb_text _builder_version=&#8220;4.19.0&#8243; text_font=&#8220;Acme|700|||||||&#8220; text_text_color=&#8220;#c83280&#8243; text_font_size=&#8220;30px&#8220; text_orientation=&#8220;center&#8220; min_height=&#8220;15px&#8220; custom_padding=&#8220;||6px|||&#8220; global_colors_info=&#8220;{}&#8220;]<\/p>\n<p style=\"text-align: center;\"><span>Stillgruppe Neusiedl<\/span><\/p>\n<p>[\/et_pb_text][\/et_pb_column][\/et_pb_row][et_pb_row column_structure=&#8220;3_5,2_5&#8243; _builder_version=&#8220;4.16&#8243; width=&#8220;84.2%&#8220; min_height=&#8220;306px&#8220; custom_margin=&#8220;19px|141px||141px||true&#8220; custom_margin_phone=&#8220;1px|41px||41px|false|true&#8220; custom_padding=&#8220;22px||0px|||&#8220; global_colors_info=&#8220;{}&#8220;][et_pb_column type=&#8220;3_5&#8243; _builder_version=&#8220;4.16&#8243; global_colors_info=&#8220;{}&#8220;][et_pb_text _builder_version=&#8220;4.19.4&#8243; text_font=&#8220;Actor||||||||&#8220; text_font_size=&#8220;16px&#8220; hover_enabled=&#8220;0&#8243; global_colors_info=&#8220;{}&#8220; sticky_enabled=&#8220;0&#8243;]<\/p>\n<p><span><\/span><\/p>\n<p><strong>Einladung zur Stillgruppe Neusiedl<\/strong><\/p>\n<p><span>Die Auflistung der vielen Vorteile soll nicht dar\u00fcber hinwegt\u00e4uschen, dass Stillen immer wieder auch mit Schwierigkeiten verbunden sein kann \u2013 praktischen oder emotionalen. <\/span><\/p>\n<p><span>Doch soll das Wissen um die zu erwartenden Vorteile auch als Motivation dienen, Probleme zu \u00fcberwinden, wie das in vielen F\u00e4llen m\u00f6glich, wenn auch nicht immer leicht ist. Wenn Mutter und Kind jedoch solche Herausforderungen positiv bew\u00e4ltigt haben, tr\u00e4gt auch dies letztlich zu einer fruchtbaren Beziehung bei, gibt Kraft und st\u00e4rkt das Selbstvertrauen der Mutter.<\/span><\/p>\n<p>Besucht uns auch gerne auf unserer Seite <a href=\"https:\/\/lalecheliga.at\" target=\"_blank\" rel=\"noopener\" title=\"La Leche Liga\">La Leche Liga.<\/a><\/p>\n<p>&nbsp;<\/p>\n<p><span style=\"font-size: 15px;\"><\/span><br \/><span><\/span><\/p>\n<p>[\/et_pb_text][\/et_pb_column][et_pb_column type=&#8220;2_5&#8243; _builder_version=&#8220;4.16&#8243; global_colors_info=&#8220;{}&#8220;][et_pb_image src=&#8220;https:\/\/www.villahase.at\/wp-content\/uploads\/2020\/09\/Stillhase-scaled.jpg&#8220; title_text=&#8220;Stillhase&#8220; _builder_version=&#8220;4.19.0&#8243; _module_preset=&#8220;default&#8220; max_height=&#8220;384px&#8220; custom_margin=&#8220;-26px|||||&#8220; global_colors_info=&#8220;{}&#8220;][\/et_pb_image][\/et_pb_column][\/et_pb_row][et_pb_row _builder_version=&#8220;4.16&#8243; background_color=&#8220;#d8bee2&#8243; min_height_tablet=&#8220;&#8220; min_height_phone=&#8220;139px&#8220; min_height_last_edited=&#8220;on|phone&#8220; custom_margin=&#8220;30px|138px||138px||true&#8220; custom_margin_phone=&#8220;54px|||45px|false|false&#8220; border_radii=&#8220;on|10px|10px|10px|10px&#8220; box_shadow_style=&#8220;preset1&#8243; box_shadow_blur=&#8220;10px&#8220; box_shadow_spread=&#8220;2px&#8220; global_colors_info=&#8220;{}&#8220;][et_pb_column type=&#8220;4_4&#8243; _builder_version=&#8220;4.16&#8243; global_colors_info=&#8220;{}&#8220;][et_pb_text _builder_version=&#8220;4.18.0&#8243; text_font=&#8220;Actor||||||||&#8220; text_text_color=&#8220;#c83280&#8243; text_font_size=&#8220;18px&#8220; text_line_height=&#8220;1.8em&#8220; text_orientation=&#8220;center&#8220; max_width=&#8220;100%&#8220; custom_margin=&#8220;-12px||-39px||false|false&#8220; global_colors_info=&#8220;{}&#8220;]<\/p>\n<p><span>In unserer Stillgruppe kommt es zum Austausch von Mutter zu Mutter, Erfahrungen werden geteilt und offene Fragen beantwortet.<\/span><\/p>\n<p>[\/et_pb_text][\/et_pb_column][\/et_pb_row][et_pb_row _builder_version=&#8220;4.16&#8243; _module_preset=&#8220;default&#8220; width=&#8220;76%&#8220; custom_margin=&#8220;12px|auto||138px||&#8220; custom_margin_phone=&#8220;-37px||37px|46px|false|false&#8220; custom_padding=&#8220;8px||133px|55px||&#8220; global_colors_info=&#8220;{}&#8220;][et_pb_column type=&#8220;4_4&#8243; _builder_version=&#8220;4.16&#8243; _module_preset=&#8220;default&#8220; global_colors_info=&#8220;{}&#8220;][et_pb_text _builder_version=&#8220;4.18.0&#8243; text_font=&#8220;Acme|700|||||||&#8220; text_text_color=&#8220;#c83280&#8243; text_font_size=&#8220;30px&#8220; text_orientation=&#8220;center&#8220; custom_margin=&#8220;33px||-41px||false|false&#8220; custom_padding=&#8220;29px||32px|||&#8220; global_colors_info=&#8220;{}&#8220;]<\/p>\n<p style=\"text-align: center;\"><span>Termine &amp; Details<\/span><\/p>\n<p>[\/et_pb_text][et_pb_image src=&#8220;https:\/\/www.villahase.at\/wp-content\/uploads\/2023\/01\/LLL-Stillgruppen-Termine-2023-.jpg&#8220; title_text=&#8220;LLL Stillgruppen Termine 2023&#8243; _builder_version=&#8220;4.19.4&#8243; _module_preset=&#8220;default&#8220; custom_padding=&#8220;68px|||||&#8220; global_colors_info=&#8220;{}&#8220;][\/et_pb_image][\/et_pb_column][\/et_pb_row][\/et_pb_section]<\/p>\n","protected":false},"excerpt":{"rendered":"<p>Stillgruppe Neusiedl Einladung zur Stillgruppe Neusiedl Die Auflistung der vielen Vorteile soll nicht dar\u00fcber hinwegt\u00e4uschen, dass Stillen immer wieder auch mit Schwierigkeiten verbunden sein kann \u2013 praktischen oder emotionalen. Doch soll das Wissen um die zu erwartenden Vorteile auch als Motivation dienen, Probleme zu \u00fcberwinden, wie das in vielen F\u00e4llen m\u00f6glich, wenn auch nicht immer [&hellip;]<\/p>\n","protected":false},"author":1,"featured_media":0,"parent":0,"menu_order":0,"comment_status":"closed","ping_status":"closed","template":"","meta":{"_et_pb_use_builder":"on","_et_pb_old_content":"","_et_gb_content_width":""},"_links":{"self":[{"href":"https:\/\/www.villahase.at\/index.php?rest_route=\/wp\/v2\/pages\/2279"}],"collection":[{"href":"https:\/\/www.villahase.at\/index.php?rest_route=\/wp\/v2\/pages"}],"about":[{"href":"https:\/\/www.villahase.at\/index.php?rest_route=\/wp\/v2\/types\/page"}],"author":[{"embeddable":true,"href":"https:\/\/www.villahase.at\/index.php?rest_route=\/wp\/v2\/users\/1"}],"replies":[{"embeddable":true,"href":"https:\/\/www.villahase.at\/index.php?rest_route=%2Fwp%2Fv2%2Fcomments&post=2279"}],"version-history":[{"count":6,"href":"https:\/\/www.villahase.at\/index.php?rest_route=\/wp\/v2\/pages\/2279\/revisions"}],"predecessor-version":[{"id":2341,"href":"https:\/\/www.villahase.at\/index.php?rest_route=\/wp\/v2\/pages\/2279\/revisions\/2341"}],"wp:attachment":[{"href":"https:\/\/www.villahase.at\/index.php?rest_route=%2Fwp%2Fv2%2Fmedia&parent=2279"}],"curies":[{"name":"wp","href":"https:\/\/api.w.org\/{rel}","templated":true}]}}