{"id":1850,"date":"2020-07-11T08:24:20","date_gmt":"2020-07-11T08:24:20","guid":{"rendered":"https:\/\/transfer.villahase.at\/?page_id=1850"},"modified":"2023-01-25T15:28:39","modified_gmt":"2023-01-25T14:28:39","slug":"kleinkind-stillgruppe","status":"publish","type":"page","link":"https:\/\/www.villahase.at\/?page_id=1850","title":{"rendered":"Kleinkind Stillgruppe"},"content":{"rendered":"<p>[et_pb_section fb_built=&#8220;1&#8243; _builder_version=&#8220;4.16&#8243; custom_padding=&#8220;||75px|||&#8220; top_divider_style=&#8220;clouds2&#8243; top_divider_color=&#8220;#d8bee2&#8243; bottom_divider_style=&#8220;clouds2&#8243; bottom_divider_color=&#8220;#d8bee2&#8243; global_colors_info=&#8220;{}&#8220;][et_pb_row _builder_version=&#8220;4.16&#8243; custom_padding=&#8220;71px|||||&#8220; global_colors_info=&#8220;{}&#8220;][et_pb_column type=&#8220;4_4&#8243; _builder_version=&#8220;4.16&#8243; global_colors_info=&#8220;{}&#8220;][et_pb_text _builder_version=&#8220;4.18.0&#8243; text_font=&#8220;Acme|700|||||||&#8220; text_text_color=&#8220;#c83280&#8243; text_font_size=&#8220;30px&#8220; text_orientation=&#8220;center&#8220; min_height=&#8220;15px&#8220; custom_padding=&#8220;||6px|||&#8220; global_colors_info=&#8220;{}&#8220;]<\/p>\n<p style=\"text-align: center;\"><span>Kleinkind Stillgruppe<\/span><\/p>\n<p>[\/et_pb_text][\/et_pb_column][\/et_pb_row][et_pb_row column_structure=&#8220;3_5,2_5&#8243; _builder_version=&#8220;4.16&#8243; width=&#8220;84.2%&#8220; min_height=&#8220;306px&#8220; custom_margin=&#8220;19px|141px||141px||true&#8220; custom_margin_phone=&#8220;1px|41px||41px|false|true&#8220; custom_padding=&#8220;39px||0px|||&#8220; global_colors_info=&#8220;{}&#8220;][et_pb_column type=&#8220;3_5&#8243; _builder_version=&#8220;4.16&#8243; global_colors_info=&#8220;{}&#8220;][et_pb_text _builder_version=&#8220;4.18.0&#8243; text_font=&#8220;Actor||||||||&#8220; text_font_size=&#8220;16px&#8220; global_colors_info=&#8220;{}&#8220;]<\/p>\n<p><span><\/span><\/p>\n<p><strong>Einladung zur\u00a0Kleinkind Stillgruppe<\/strong><\/p>\n<p>Ein \u00e4lteres Kind zu stillen, das vielleicht schon laufen kann, ist noch immer ein ungew\u00f6hnlicher Anblick, wird h\u00e4ufig nicht akzeptiert und ist von vielen Vorurteilen gepr\u00e4gt.<\/p>\n<p>\u00dcber das erste Lebensjahr hinaus zu stillen ist keine schlechte Angewohnheit, sondern ist gut f\u00fcr die Gesundheit, macht selbstst\u00e4ndig und ist sicherer Hafen in einer manchmal sehr verwirrenden Welt.<\/p>\n<p>Die Gruppe bietet Austausch, Begleitung und Unterst\u00fctzung durch eine l\u00e4ngere Stillzeit und langsame Abstillphase, macht Mut und gibt Unterst\u00fctzung den eigenen, pers\u00f6nlichen Weg mit dem gestillten Kleinkind zu finden.<\/p>\n<p>&nbsp;<\/p>\n<p><span style=\"font-size: 15px;\"><\/span><br \/><span><\/span><\/p>\n<p>[\/et_pb_text][\/et_pb_column][et_pb_column type=&#8220;2_5&#8243; _builder_version=&#8220;4.16&#8243; global_colors_info=&#8220;{}&#8220;][et_pb_image src=&#8220;https:\/\/www.villahase.at\/wp-content\/uploads\/2020\/09\/Stillhase-scaled.jpg&#8220; title_text=&#8220;Stillhase&#8220; _builder_version=&#8220;4.19.0&#8243; _module_preset=&#8220;default&#8220; max_height=&#8220;384px&#8220; custom_margin=&#8220;-26px|||||&#8220; global_colors_info=&#8220;{}&#8220;][\/et_pb_image][\/et_pb_column][\/et_pb_row][et_pb_row _builder_version=&#8220;4.16&#8243; background_color=&#8220;#d8bee2&#8243; min_height_tablet=&#8220;&#8220; min_height_phone=&#8220;139px&#8220; min_height_last_edited=&#8220;on|phone&#8220; custom_margin=&#8220;30px|138px||138px||true&#8220; custom_margin_phone=&#8220;54px|||45px|false|false&#8220; border_radii=&#8220;on|10px|10px|10px|10px&#8220; box_shadow_style=&#8220;preset1&#8243; box_shadow_blur=&#8220;10px&#8220; box_shadow_spread=&#8220;2px&#8220; global_colors_info=&#8220;{}&#8220;][et_pb_column type=&#8220;4_4&#8243; _builder_version=&#8220;4.16&#8243; global_colors_info=&#8220;{}&#8220;][et_pb_text _builder_version=&#8220;4.18.0&#8243; text_font=&#8220;Actor||||||||&#8220; text_text_color=&#8220;#c83280&#8243; text_font_size=&#8220;18px&#8220; text_line_height=&#8220;1.8em&#8220; text_orientation=&#8220;center&#8220; max_width=&#8220;100%&#8220; custom_margin=&#8220;-12px||-39px||false|false&#8220; global_colors_info=&#8220;{}&#8220;]<\/p>\n<p><span>In unserer Stillgruppe kommt es zum Austausch von Mutter zu Mutter, Erfahrungen werden geteilt und offene Fragen beantwortet.<\/span><\/p>\n<p>[\/et_pb_text][\/et_pb_column][\/et_pb_row][et_pb_row _builder_version=&#8220;4.16&#8243; _module_preset=&#8220;default&#8220; custom_margin=&#8220;12px|auto||138px||&#8220; custom_margin_phone=&#8220;-37px||37px|46px|false|false&#8220; custom_padding=&#8220;8px||133px|||&#8220; global_colors_info=&#8220;{}&#8220;][et_pb_column type=&#8220;4_4&#8243; _builder_version=&#8220;4.16&#8243; _module_preset=&#8220;default&#8220; global_colors_info=&#8220;{}&#8220;][et_pb_text _builder_version=&#8220;4.18.0&#8243; text_font=&#8220;Acme|700|||||||&#8220; text_text_color=&#8220;#c83280&#8243; text_font_size=&#8220;30px&#8220; text_orientation=&#8220;center&#8220; custom_margin=&#8220;33px||-41px||false|false&#8220; custom_padding=&#8220;29px||32px|||&#8220; global_colors_info=&#8220;{}&#8220;]<\/p>\n<p style=\"text-align: center;\"><span>Termine &amp; Details<\/span><\/p>\n<p>[\/et_pb_text][et_pb_text _builder_version=&#8220;4.19.4&#8243; _module_preset=&#8220;default&#8220; text_font=&#8220;Actor||||||||&#8220; text_orientation=&#8220;center&#8220; custom_margin=&#8220;33px||-98px||false|false&#8220; custom_padding=&#8220;1px|||||&#8220; hover_enabled=&#8220;0&#8243; global_colors_info=&#8220;{}&#8220; sticky_enabled=&#8220;0&#8243;]<\/p>\n<p style=\"text-align: center;\"><span style=\"font-size: 15px;\"><\/span>Montag von 16:00 Uhr bis 18:00 Uhr<br \/>in der Zollergasse 37<br \/>1070 Wien<\/p>\n<p style=\"text-align: center;\"><span style=\"font-size: 15px;\">13. Februar 2023<br \/><\/span><span style=\"font-size: 15px;\">27. Februar 2023<br \/><\/span><span style=\"font-size: 15px;\">13. M\u00e4rz 2023<br \/><\/span><span style=\"font-size: 15px;\">23. M\u00e4rz 2023<br \/><\/span><span style=\"font-size: 15px;\">17. April 2023<br \/><\/span><span style=\"font-size: 15px;\">08. Mai 2023<br \/><\/span><span style=\"font-size: 15px;\">22. Mai 2023<br \/><\/span><span style=\"font-size: 15px;\">05. Juni 2023<br \/><\/span><span style=\"font-size: 15px;\">19. Juni 2023<br \/><\/span><span style=\"font-size: 15px;\">03. Juli 2023<br \/><\/span><span style=\"font-size: 15px;\">17. Juli 2023<\/span><\/p>\n<p>Falls Ihr Interesse and unserem Angebot zur Kleinkind Stillgruppe habt, schaut gerne auf unserer Seite nach <a href=\"https:\/\/nanaya.at\/kleinkindstillgruppe\">Nanaya &#8211; Kleinkindstillgruppe<\/a><\/p>\n<p>&nbsp;<\/p>\n<p>&nbsp;<\/p>\n<p style=\"text-align: center;\">\n<p>[\/et_pb_text][\/et_pb_column][\/et_pb_row][\/et_pb_section][et_pb_section fb_built=&#8220;1&#8243; admin_label=&#8220;Zusatzinfo&#8220; _builder_version=&#8220;4.16&#8243; custom_margin=&#8220;||-61px|||&#8220; custom_margin_tablet=&#8220;&#8220; custom_margin_phone=&#8220;1px||-45px||false|false&#8220; custom_margin_last_edited=&#8220;on|phone&#8220; custom_padding=&#8220;55px|||||&#8220; top_divider_style=&#8220;clouds2&#8243; top_divider_color=&#8220;#d8bee2&#8243; top_divider_height=&#8220;97px&#8220; bottom_divider_style=&#8220;clouds&#8220; bottom_divider_color=&#8220;#d8bee2&#8243; global_colors_info=&#8220;{}&#8220; custom_margin__hover_enabled=&#8220;on|desktop&#8220; custom_margin__hover=&#8220;||-61px|||&#8220;][\/et_pb_section]<\/p>\n","protected":false},"excerpt":{"rendered":"<p>Kleinkind Stillgruppe Einladung zur\u00a0Kleinkind Stillgruppe Ein \u00e4lteres Kind zu stillen, das vielleicht schon laufen kann, ist noch immer ein ungew\u00f6hnlicher Anblick, wird h\u00e4ufig nicht akzeptiert und ist von vielen Vorurteilen gepr\u00e4gt. \u00dcber das erste Lebensjahr hinaus zu stillen ist keine schlechte Angewohnheit, sondern ist gut f\u00fcr die Gesundheit, macht selbstst\u00e4ndig und ist sicherer Hafen in [&hellip;]<\/p>\n","protected":false},"author":1,"featured_media":0,"parent":0,"menu_order":0,"comment_status":"closed","ping_status":"closed","template":"","meta":{"_et_pb_use_builder":"on","_et_pb_old_content":"","_et_gb_content_width":""},"_links":{"self":[{"href":"https:\/\/www.villahase.at\/index.php?rest_route=\/wp\/v2\/pages\/1850"}],"collection":[{"href":"https:\/\/www.villahase.at\/index.php?rest_route=\/wp\/v2\/pages"}],"about":[{"href":"https:\/\/www.villahase.at\/index.php?rest_route=\/wp\/v2\/types\/page"}],"author":[{"embeddable":true,"href":"https:\/\/www.villahase.at\/index.php?rest_route=\/wp\/v2\/users\/1"}],"replies":[{"embeddable":true,"href":"https:\/\/www.villahase.at\/index.php?rest_route=%2Fwp%2Fv2%2Fcomments&post=1850"}],"version-history":[{"count":23,"href":"https:\/\/www.villahase.at\/index.php?rest_route=\/wp\/v2\/pages\/1850\/revisions"}],"predecessor-version":[{"id":2310,"href":"https:\/\/www.villahase.at\/index.php?rest_route=\/wp\/v2\/pages\/1850\/revisions\/2310"}],"wp:attachment":[{"href":"https:\/\/www.villahase.at\/index.php?rest_route=%2Fwp%2Fv2%2Fmedia&parent=1850"}],"curies":[{"name":"wp","href":"https:\/\/api.w.org\/{rel}","templated":true}]}}