{"id":1795,"date":"2020-06-24T09:47:09","date_gmt":"2020-06-24T09:47:09","guid":{"rendered":"https:\/\/transfer.villahase.at\/?page_id=1795"},"modified":"2022-08-24T10:18:54","modified_gmt":"2022-08-24T10:18:54","slug":"vorbereitung-auf-geburt-und-elternschaft","status":"publish","type":"page","link":"https:\/\/www.villahase.at\/?page_id=1795","title":{"rendered":"Vorbereitung auf Geburt und Elternschaft"},"content":{"rendered":"<p>[et_pb_section fb_built=&#8220;1&#8243; _builder_version=&#8220;4.16&#8243; min_height=&#8220;999px&#8220; custom_padding=&#8220;60px||164px|||&#8220; top_divider_style=&#8220;clouds2&#8243; top_divider_color=&#8220;#d8bee2&#8243; bottom_divider_style=&#8220;clouds&#8220; bottom_divider_color=&#8220;#d8bee2&#8243; global_colors_info=&#8220;{}&#8220;][et_pb_row _builder_version=&#8220;4.16&#8243; min_height=&#8220;160px&#8220; custom_padding=&#8220;71px||0px|||&#8220; global_colors_info=&#8220;{}&#8220;][et_pb_column type=&#8220;4_4&#8243; _builder_version=&#8220;4.16&#8243; global_colors_info=&#8220;{}&#8220;][et_pb_post_title meta=&#8220;off&#8220; _builder_version=&#8220;4.18.0&#8243; title_font=&#8220;Acme|700|||||||&#8220; title_text_color=&#8220;#c83280&#8243; title_font_size=&#8220;39px&#8220; text_orientation=&#8220;center&#8220; global_colors_info=&#8220;{}&#8220;][\/et_pb_post_title][\/et_pb_column][\/et_pb_row][et_pb_row admin_label=&#8220;Zitat&#8220; _builder_version=&#8220;4.16&#8243; background_color=&#8220;#ffffff&#8220; custom_margin=&#8220;-24px|auto||auto||&#8220; custom_padding=&#8220;17px||56px|||&#8220; border_radii=&#8220;on|10px|10px|10px|10px&#8220; global_colors_info=&#8220;{}&#8220;][et_pb_column type=&#8220;4_4&#8243; _builder_version=&#8220;4.16&#8243; global_colors_info=&#8220;{}&#8220;][et_pb_text _builder_version=&#8220;4.18.0&#8243; text_font=&#8220;Acme||||||||&#8220; text_text_color=&#8220;#968787&#8243; text_font_size=&#8220;20px&#8220; custom_margin=&#8220;2px||-39px||false|false&#8220; global_colors_info=&#8220;{}&#8220;]<\/p>\n<p style=\"text-align: center;\"><span>\u201eWenn eine <b>Frau<\/b> w\u00e4hrend der <b>Geburt<\/b> eines Kindes nicht wie eine <b>G\u00f6ttin<\/b> aussieht,<br \/>dann behandelt sie jemand nicht richtig. \u201c<br \/>Ina May Gaskin<\/span><\/p>\n<p>[\/et_pb_text][\/et_pb_column][\/et_pb_row][et_pb_row column_structure=&#8220;3_5,2_5&#8243; _builder_version=&#8220;4.16&#8243; custom_margin=&#8220;7px|auto||auto||&#8220; custom_padding=&#8220;26px||62px|||&#8220; global_colors_info=&#8220;{}&#8220;][et_pb_column type=&#8220;3_5&#8243; _builder_version=&#8220;4.16&#8243; global_colors_info=&#8220;{}&#8220;][et_pb_text _builder_version=&#8220;4.18.0&#8243; text_font=&#8220;Actor||||||||&#8220; text_font_size=&#8220;16px&#8220; custom_padding=&#8220;56px|||||&#8220; global_colors_info=&#8220;{}&#8220;]<\/p>\n<p><span>\u201eWenn eine <b>Frau<\/b> w\u00e4hrend der <b>Geburt<\/b> eines Kindes nicht wie eine <b>G\u00f6ttin<\/b> aussieht, dann behandelt sie jemand nicht richtig. \u201c Ina May Gaskin<\/span><\/p>\n<p><span style=\"font-size: 16px;\">Unsicherheiten, viele offene Fragen, Vorstellungen zum Ablauf &#8211; es gibt viele Dinge die in der Schwangerschaft besch\u00e4ftigen. Man h\u00f6rt viel von Bekannten und verliert schnell den \u00dcberblick \u00fcber die vorhandenen M\u00f6glichkeiten.<\/span><br \/><span><\/span><\/p>\n<p><span style=\"font-size: 16px;\">Sich mental auf die bevorstehende Geburt vorzubereiten ist essentiell f\u00fcr ein gutes selbstbestimmtes Geburtserlebnis. Dabei ist es besonders wichtig, dass man den Vorgang der Geburt an sich versteht, um in besonderen Situationen die richtigen Entscheidungen treffen zu k\u00f6nnen.<\/span><br \/><span><\/span><\/p>\n<p><span style=\"font-size: 16px;\">Auch f\u00fcr die V\u00e4ter (oder Begleitperson) ist es wichtig sich auf die Geburt einzustimmen und zu erfahren, wie sie ihre Partnerin w\u00e4hrend der Wehen und danach im Wochenbett unterst\u00fctzten k\u00f6nnen.<\/span><br \/><span><\/span><\/p>\n<p>[\/et_pb_text][\/et_pb_column][et_pb_column type=&#8220;2_5&#8243; _builder_version=&#8220;4.16&#8243; global_colors_info=&#8220;{}&#8220;][et_pb_image src=&#8220;https:\/\/transfer.villahase.at\/wp-content\/uploads\/2020\/06\/Wegweiser-Neu.png&#8220; title_text=&#8220;Wegweiser Neu&#8220; _builder_version=&#8220;4.16&#8243; _module_preset=&#8220;default&#8220; global_colors_info=&#8220;{}&#8220;][\/et_pb_image][\/et_pb_column][\/et_pb_row][et_pb_row _builder_version=&#8220;4.16&#8243; background_color=&#8220;#d8bee2&#8243; border_radii=&#8220;on|10px|10px|10px|10px&#8220; box_shadow_style=&#8220;preset1&#8243; box_shadow_blur=&#8220;10px&#8220; box_shadow_spread=&#8220;2px&#8220; global_colors_info=&#8220;{}&#8220; custom_padding=&#8220;||43px|||&#8220;][et_pb_column type=&#8220;4_4&#8243; _builder_version=&#8220;4.16&#8243; global_colors_info=&#8220;{}&#8220;][et_pb_text _builder_version=&#8220;4.18.0&#8243; text_font=&#8220;Actor||||||||&#8220; text_text_color=&#8220;#c83280&#8243; text_font_size=&#8220;20px&#8220; custom_margin=&#8220;-12px||-39px||false|false&#8220; global_colors_info=&#8220;{}&#8220;]<\/p>\n<p style=\"text-align: center;\"><span>Ich lade werdende Eltern zu einem gemeinsamen Wochenende ein,<br \/>sich der Geburtszeit und der ganzheitlichen Vorbereitung auf Geburt und Elternschaft zu widmen.<\/span><\/p>\n<p>[\/et_pb_text][\/et_pb_column][\/et_pb_row][et_pb_row admin_label=&#8220;Angebote&#8220; _builder_version=&#8220;4.16&#8243; min_height=&#8220;421px&#8220; custom_margin=&#8220;34px|auto||auto||&#8220; custom_padding=&#8220;62px||64px|||&#8220; global_colors_info=&#8220;{}&#8220;][et_pb_column type=&#8220;4_4&#8243; _builder_version=&#8220;4.16&#8243; global_colors_info=&#8220;{}&#8220;][et_pb_blurb title=&#8220;Vorbereitung auf Geburt und Elternschaft&#8220; url_new_window=&#8220;on&#8220; image=&#8220;https:\/\/transfer.villahase.at\/wp-content\/uploads\/2020\/06\/Margarete-New.png&#8220; _builder_version=&#8220;4.18.0&#8243; header_font=&#8220;Acme||||||||&#8220; header_text_align=&#8220;center&#8220; header_text_color=&#8220;#c83280&#8243; header_font_size=&#8220;25px&#8220; link_option_url_new_window=&#8220;on&#8220; border_radii=&#8220;on|10px|10px|10px|10px&#8220; box_shadow_style=&#8220;preset1&#8243; box_shadow_blur=&#8220;10px&#8220; global_colors_info=&#8220;{}&#8220;][\/et_pb_blurb][\/et_pb_column][\/et_pb_row][et_pb_row _builder_version=&#8220;4.16&#8243; background_color=&#8220;#d8bee2&#8243; min_height=&#8220;78px&#8220; custom_margin=&#8220;0px|auto||auto||&#8220; custom_padding=&#8220;22px||3px|||&#8220; border_radii=&#8220;on|10px|10px|10px|10px&#8220; box_shadow_style=&#8220;preset1&#8243; box_shadow_blur=&#8220;10px&#8220; box_shadow_spread=&#8220;2px&#8220; global_colors_info=&#8220;{}&#8220;][et_pb_column type=&#8220;4_4&#8243; _builder_version=&#8220;4.16&#8243; global_colors_info=&#8220;{}&#8220;][et_pb_text _builder_version=&#8220;4.18.0&#8243; text_font=&#8220;Actor||||||||&#8220; text_text_color=&#8220;#c83280&#8243; text_font_size=&#8220;20px&#8220; min_height=&#8220;77px&#8220; custom_margin=&#8220;-3px||-39px||false|false&#8220; custom_padding=&#8220;7px||1px|||&#8220; global_colors_info=&#8220;{}&#8220;]<\/p>\n<p style=\"text-align: center;\"><span>Ihr findet bei uns auch viele Impuls Vortr\u00e4ge die Euer Interesse wecken k\u00f6nnten.<\/span><\/p>\n<p>[\/et_pb_text][\/et_pb_column][\/et_pb_row][\/et_pb_section]<\/p>\n","protected":false},"excerpt":{"rendered":"<p>\u201eWenn eine Frau w\u00e4hrend der Geburt eines Kindes nicht wie eine G\u00f6ttin aussieht,dann behandelt sie jemand nicht richtig. \u201cIna May Gaskin\u201eWenn eine Frau w\u00e4hrend der Geburt eines Kindes nicht wie eine G\u00f6ttin aussieht, dann behandelt sie jemand nicht richtig. \u201c Ina May Gaskin Unsicherheiten, viele offene Fragen, Vorstellungen zum Ablauf &#8211; es gibt viele Dinge [&hellip;]<\/p>\n","protected":false},"author":1,"featured_media":0,"parent":0,"menu_order":0,"comment_status":"closed","ping_status":"closed","template":"","meta":{"_et_pb_use_builder":"on","_et_pb_old_content":"","_et_gb_content_width":""},"_links":{"self":[{"href":"https:\/\/www.villahase.at\/index.php?rest_route=\/wp\/v2\/pages\/1795"}],"collection":[{"href":"https:\/\/www.villahase.at\/index.php?rest_route=\/wp\/v2\/pages"}],"about":[{"href":"https:\/\/www.villahase.at\/index.php?rest_route=\/wp\/v2\/types\/page"}],"author":[{"embeddable":true,"href":"https:\/\/www.villahase.at\/index.php?rest_route=\/wp\/v2\/users\/1"}],"replies":[{"embeddable":true,"href":"https:\/\/www.villahase.at\/index.php?rest_route=%2Fwp%2Fv2%2Fcomments&post=1795"}],"version-history":[{"count":13,"href":"https:\/\/www.villahase.at\/index.php?rest_route=\/wp\/v2\/pages\/1795\/revisions"}],"predecessor-version":[{"id":2262,"href":"https:\/\/www.villahase.at\/index.php?rest_route=\/wp\/v2\/pages\/1795\/revisions\/2262"}],"wp:attachment":[{"href":"https:\/\/www.villahase.at\/index.php?rest_route=%2Fwp%2Fv2%2Fmedia&parent=1795"}],"curies":[{"name":"wp","href":"https:\/\/api.w.org\/{rel}","templated":true}]}}