{"id":1783,"date":"2020-06-24T09:22:39","date_gmt":"2020-06-24T09:22:39","guid":{"rendered":"https:\/\/transfer.villahase.at\/?page_id=1783"},"modified":"2022-08-24T10:11:56","modified_gmt":"2022-08-24T10:11:56","slug":"workshops","status":"publish","type":"page","link":"https:\/\/www.villahase.at\/?page_id=1783","title":{"rendered":"Workshops"},"content":{"rendered":"<p>[et_pb_section fb_built=&#8220;1&#8243; _builder_version=&#8220;4.16&#8243; min_height=&#8220;999px&#8220; custom_padding=&#8220;60px||79px|||&#8220; top_divider_style=&#8220;clouds2&#8243; top_divider_color=&#8220;#d8bee2&#8243; bottom_divider_style=&#8220;clouds&#8220; bottom_divider_color=&#8220;#d8bee2&#8243; bottom_divider_height=&#8220;115px&#8220; global_colors_info=&#8220;{}&#8220;][et_pb_row _builder_version=&#8220;4.16&#8243; custom_padding=&#8220;60px|||||&#8220; global_colors_info=&#8220;{}&#8220;][et_pb_column type=&#8220;4_4&#8243; _builder_version=&#8220;4.16&#8243; global_colors_info=&#8220;{}&#8220;][et_pb_post_title meta=&#8220;off&#8220; _builder_version=&#8220;4.18.0&#8243; title_font=&#8220;Acme|700|||||||&#8220; title_text_color=&#8220;#c83280&#8243; title_font_size=&#8220;39px&#8220; text_orientation=&#8220;center&#8220; hover_enabled=&#8220;0&#8243; global_colors_info=&#8220;{}&#8220; sticky_enabled=&#8220;0&#8243;][\/et_pb_post_title][\/et_pb_column][\/et_pb_row][et_pb_row column_structure=&#8220;3_5,2_5&#8243; _builder_version=&#8220;4.16&#8243; custom_margin=&#8220;-34px|auto||auto||&#8220; custom_padding=&#8220;||62px|||&#8220; global_colors_info=&#8220;{}&#8220;][et_pb_column type=&#8220;3_5&#8243; _builder_version=&#8220;4.16&#8243; global_colors_info=&#8220;{}&#8220;][et_pb_text _builder_version=&#8220;4.18.0&#8243; text_font_size=&#8220;16px&#8220; custom_padding=&#8220;114px|||||&#8220; hover_enabled=&#8220;0&#8243; global_colors_info=&#8220;{}&#8220; text_font=&#8220;Actor||||||||&#8220; sticky_enabled=&#8220;0&#8243;]<\/p>\n<p><span>Wie binde ich ein Tragetuch? Welche Stoffwindel passt f\u00fcr mein Kind? Welche Wickel helfen bei Verk\u00fchlung? Diese und viele andere Fragen besch\u00e4ftigen viele Eltern.<\/span><\/p>\n<p><span style=\"font-size: 16px;\">In unseren Workshops bieten wir praktische Antworten und unterst\u00fctzen Euch beim f\u00e4llen Eurer Entscheidungen.<\/span><\/p>\n<p><span style=\"font-size: 16px;\">Bei meinen 3 Kindern habe ich selbst die Erfahrung gemacht, dass es oft individuelle L\u00f6sungen f\u00fcr jedes kind braucht.<\/span><\/p>\n<p>&nbsp;<\/p>\n<p>[\/et_pb_text][\/et_pb_column][et_pb_column type=&#8220;2_5&#8243; _builder_version=&#8220;4.16&#8243; global_colors_info=&#8220;{}&#8220;][et_pb_image src=&#8220;https:\/\/transfer.villahase.at\/wp-content\/uploads\/2020\/06\/Wegweiser-Neu.png&#8220; title_text=&#8220;Wegweiser Neu&#8220; _builder_version=&#8220;4.16&#8243; _module_preset=&#8220;default&#8220; global_colors_info=&#8220;{}&#8220;][\/et_pb_image][\/et_pb_column][\/et_pb_row][et_pb_row _builder_version=&#8220;4.16&#8243; background_color=&#8220;#d8bee2&#8243; min_height=&#8220;125.8px&#8220; custom_padding=&#8220;||16px|||&#8220; border_radii=&#8220;on|10px|10px|10px|10px&#8220; box_shadow_style=&#8220;preset1&#8243; box_shadow_blur=&#8220;10px&#8220; box_shadow_spread=&#8220;2px&#8220; global_colors_info=&#8220;{}&#8220;][et_pb_column type=&#8220;4_4&#8243; _builder_version=&#8220;4.16&#8243; global_colors_info=&#8220;{}&#8220;][et_pb_text _builder_version=&#8220;4.18.0&#8243; text_font=&#8220;Actor||||||||&#8220; text_text_color=&#8220;#c83280&#8243; text_font_size=&#8220;20px&#8220; custom_margin=&#8220;-13px||-137px||false|false&#8220; hover_enabled=&#8220;0&#8243; global_colors_info=&#8220;{}&#8220; sticky_enabled=&#8220;0&#8243; custom_padding=&#8220;||81px|||&#8220;]<\/p>\n<p style=\"text-align: center;\"><span>Aktiv arbeiten wir gemeinsam an einem Thema und profitieren von den Erfahrungen aller TeilnehmerInnen.<\/span><\/p>\n<div class=\"et-pb-draggable-spacing et-pb-draggable-spacing--active et-pb-draggable-spacing__spacing et-pb-draggable-spacing__bottom et-pb-draggable-spacing__margin et-pb-draggable-spacing__inner et-pb-draggable-spacing--hovered et-pb-draggable-spacing--draggable-edge et-pb-draggable-spacing--animated et-pb-draggable-spacing--negative\"><span class=\"et-pb-draggable-spacing__indicator\"><span class=\"text\">-33px<\/span><span><span class=\"et-fb-link \"><\/span><\/span><\/span><\/p>\n<div class=\"et-fb-icon et-fb-icon--unlinked\"><\/div>\n<\/div>\n<p style=\"text-align: center;\"><span>In den Unterlagen zum Workshop findet Ihr nicht nur die besprochenen Punkte sonder auch noch Literaturlisten und weiterf\u00fchrende Informationen.<span class=\"Apple-converted-space\">\u00a0<\/span><\/span><\/p>\n<p>[\/et_pb_text][\/et_pb_column][\/et_pb_row][et_pb_row column_structure=&#8220;1_2,1_2&#8243; _builder_version=&#8220;4.16&#8243; min_height=&#8220;421px&#8220; custom_margin=&#8220;34px|auto||auto||&#8220; custom_padding=&#8220;62px||64px|||&#8220; global_colors_info=&#8220;{}&#8220;][et_pb_column type=&#8220;1_2&#8243; _builder_version=&#8220;4.16&#8243; global_colors_info=&#8220;{}&#8220;][et_pb_blurb title=&#8220;Workshop &#8211; Bindeweisen f\u00fcr Schwangere nach FTZ\u00a9Babytragen&#8220; url=&#8220;@ET-DC@eyJkeW5hbWljIjp0cnVlLCJjb250ZW50IjoicG9zdF9saW5rX3VybF9wYWdlIiwic2V0dGluZ3MiOnsicG9zdF9pZCI6IjE3NDUifX0=@&#8220; url_new_window=&#8220;on&#8220; image=&#8220;https:\/\/transfer.villahase.at\/wp-content\/uploads\/2020\/06\/Margarete-New.png&#8220; _builder_version=&#8220;4.18.0&#8243; _dynamic_attributes=&#8220;url&#8220; header_font=&#8220;Acme||||||||&#8220; header_text_align=&#8220;center&#8220; header_text_color=&#8220;#c83280&#8243; header_font_size=&#8220;25px&#8220; link_option_url_new_window=&#8220;on&#8220; hover_enabled=&#8220;0&#8243; border_radii=&#8220;on|10px|10px|10px|10px&#8220; box_shadow_style=&#8220;preset1&#8243; box_shadow_blur=&#8220;10px&#8220; box_shadow_spread=&#8220;2px&#8220; global_colors_info=&#8220;{}&#8220; sticky_enabled=&#8220;0&#8243;][\/et_pb_blurb][\/et_pb_column][et_pb_column type=&#8220;1_2&#8243; _builder_version=&#8220;4.16&#8243; _module_preset=&#8220;default&#8220; global_colors_info=&#8220;{}&#8220;][et_pb_blurb title=&#8220; Workshop &#8211; Stoffwindeln, nat\u00fcrlich wickeln&#8220; url=&#8220;@ET-DC@eyJkeW5hbWljIjp0cnVlLCJjb250ZW50IjoicG9zdF9saW5rX3VybF9wYWdlIiwic2V0dGluZ3MiOnsicG9zdF9pZCI6IjE5MDYifX0=@&#8220; url_new_window=&#8220;on&#8220; image=&#8220;https:\/\/transfer.villahase.at\/wp-content\/uploads\/2020\/06\/Margarete-New.png&#8220; _builder_version=&#8220;4.18.0&#8243; _dynamic_attributes=&#8220;url&#8220; header_font=&#8220;Acme||||||||&#8220; header_text_align=&#8220;center&#8220; header_text_color=&#8220;#c83280&#8243; header_font_size=&#8220;25px&#8220; link_option_url_new_window=&#8220;on&#8220; hover_enabled=&#8220;0&#8243; border_radii=&#8220;on|10px|10px|10px|10px&#8220; box_shadow_style=&#8220;preset1&#8243; box_shadow_blur=&#8220;10px&#8220; box_shadow_spread=&#8220;2px&#8220; global_colors_info=&#8220;{}&#8220; sticky_enabled=&#8220;0&#8243;][\/et_pb_blurb][\/et_pb_column][\/et_pb_row][\/et_pb_section][et_pb_section fb_built=&#8220;1&#8243; admin_label=&#8220;Zusatzinfo&#8220; _builder_version=&#8220;4.16&#8243; custom_margin=&#8220;||-61px|||&#8220; custom_padding=&#8220;55px||96px|||&#8220; top_divider_style=&#8220;clouds2&#8243; top_divider_color=&#8220;#d8bee2&#8243; top_divider_height=&#8220;97px&#8220; bottom_divider_style=&#8220;clouds&#8220; bottom_divider_color=&#8220;#d8bee2&#8243; global_colors_info=&#8220;{}&#8220;][\/et_pb_section]<\/p>\n","protected":false},"excerpt":{"rendered":"<p>Wie binde ich ein Tragetuch? Welche Stoffwindel passt f\u00fcr mein Kind? Welche Wickel helfen bei Verk\u00fchlung? Diese und viele andere Fragen besch\u00e4ftigen viele Eltern. In unseren Workshops bieten wir praktische Antworten und unterst\u00fctzen Euch beim f\u00e4llen Eurer Entscheidungen. Bei meinen 3 Kindern habe ich selbst die Erfahrung gemacht, dass es oft individuelle L\u00f6sungen f\u00fcr jedes [&hellip;]<\/p>\n","protected":false},"author":1,"featured_media":0,"parent":0,"menu_order":0,"comment_status":"closed","ping_status":"closed","template":"","meta":{"_et_pb_use_builder":"on","_et_pb_old_content":"","_et_gb_content_width":""},"_links":{"self":[{"href":"https:\/\/www.villahase.at\/index.php?rest_route=\/wp\/v2\/pages\/1783"}],"collection":[{"href":"https:\/\/www.villahase.at\/index.php?rest_route=\/wp\/v2\/pages"}],"about":[{"href":"https:\/\/www.villahase.at\/index.php?rest_route=\/wp\/v2\/types\/page"}],"author":[{"embeddable":true,"href":"https:\/\/www.villahase.at\/index.php?rest_route=\/wp\/v2\/users\/1"}],"replies":[{"embeddable":true,"href":"https:\/\/www.villahase.at\/index.php?rest_route=%2Fwp%2Fv2%2Fcomments&post=1783"}],"version-history":[{"count":11,"href":"https:\/\/www.villahase.at\/index.php?rest_route=\/wp\/v2\/pages\/1783\/revisions"}],"predecessor-version":[{"id":2254,"href":"https:\/\/www.villahase.at\/index.php?rest_route=\/wp\/v2\/pages\/1783\/revisions\/2254"}],"wp:attachment":[{"href":"https:\/\/www.villahase.at\/index.php?rest_route=%2Fwp%2Fv2%2Fmedia&parent=1783"}],"curies":[{"name":"wp","href":"https:\/\/api.w.org\/{rel}","templated":true}]}}