{"id":1774,"date":"2020-06-24T09:14:20","date_gmt":"2020-06-24T09:14:20","guid":{"rendered":"https:\/\/transfer.villahase.at\/?page_id=1774"},"modified":"2023-01-25T17:13:28","modified_gmt":"2023-01-25T16:13:28","slug":"stillzeit","status":"publish","type":"page","link":"https:\/\/www.villahase.at\/?page_id=1774","title":{"rendered":"Stillzeit"},"content":{"rendered":"<p>[et_pb_section fb_built=&#8220;1&#8243; _builder_version=&#8220;4.16&#8243; min_height=&#8220;999px&#8220; custom_padding=&#8220;60px||62px|||&#8220; top_divider_style=&#8220;clouds2&#8243; top_divider_color=&#8220;#d8bee2&#8243; bottom_divider_style=&#8220;clouds&#8220; bottom_divider_color=&#8220;#d8bee2&#8243; global_colors_info=&#8220;{}&#8220;][et_pb_row _builder_version=&#8220;4.16&#8243; custom_padding=&#8220;60px|||||&#8220; global_colors_info=&#8220;{}&#8220;][et_pb_column type=&#8220;4_4&#8243; _builder_version=&#8220;4.16&#8243; global_colors_info=&#8220;{}&#8220;][et_pb_post_title meta=&#8220;off&#8220; _builder_version=&#8220;4.18.0&#8243; title_font=&#8220;Acme|700|||||||&#8220; title_text_color=&#8220;#c83280&#8243; title_font_size=&#8220;39px&#8220; text_orientation=&#8220;center&#8220; global_colors_info=&#8220;{}&#8220;][\/et_pb_post_title][\/et_pb_column][\/et_pb_row][et_pb_row column_structure=&#8220;3_5,2_5&#8243; _builder_version=&#8220;4.16&#8243; custom_margin=&#8220;-19px|auto||auto||&#8220; custom_margin_phone=&#8220;-41px||||false|false&#8220; custom_padding=&#8220;9px||63px|||&#8220; global_colors_info=&#8220;{}&#8220;][et_pb_column type=&#8220;3_5&#8243; _builder_version=&#8220;4.16&#8243; global_colors_info=&#8220;{}&#8220;][et_pb_text _builder_version=&#8220;4.18.0&#8243; text_font=&#8220;Actor||||||||&#8220; text_font_size=&#8220;16px&#8220; custom_margin_phone=&#8220;-54px||||false|false&#8220; custom_padding=&#8220;89px||0px|||&#8220; global_colors_info=&#8220;{}&#8220;]<\/p>\n<p><span>Wenn man heutzutage eine Puppe kauft, ist beim Standardzubeh\u00f6r bereits eine Flasche mit dabei.<span class=\"Apple-converted-space\">\u00a0<\/span><\/span><\/p>\n<p><span>Das Stillen ein nat\u00fcrlicher Prozess ist und zum Kennenlernen zwischen Mutter und Kind dient, wird so in unserer Gesellschaft mehr und mehr verdr\u00e4ngt.<\/span><\/p>\n<p><span>Uns, von der Villa Hase ist es ein anliegen diesen nat\u00fcrlichen Prozess zu f\u00f6rdern und zu begleiten.<span class=\"Apple-converted-space\">\u00a0<\/span><\/span><\/p>\n<p><span>Bereits die Geburt spiel eine wichtige Rolle in der Entstehung der Stillbeziehung. Der Irrglaube, dass Adoptivkinder oder Kinder mit besonderen Bed\u00fcrfnissen nicht gestillt werden k\u00f6nnen sind weit verbreitet.<span class=\"Apple-converted-space\">\u00a0<\/span><\/span><\/p>\n<p>[\/et_pb_text][\/et_pb_column][et_pb_column type=&#8220;2_5&#8243; _builder_version=&#8220;4.16&#8243; global_colors_info=&#8220;{}&#8220;][et_pb_image src=&#8220;https:\/\/transfer.villahase.at\/wp-content\/uploads\/2020\/06\/Wegweiser-Neu.png&#8220; title_text=&#8220;Wegweiser Neu&#8220; _builder_version=&#8220;4.16&#8243; _module_preset=&#8220;default&#8220; global_colors_info=&#8220;{}&#8220;][\/et_pb_image][\/et_pb_column][\/et_pb_row][et_pb_row _builder_version=&#8220;4.16&#8243; background_color=&#8220;#d8bee2&#8243; min_height=&#8220;80px&#8220; custom_padding=&#8220;||44px|||&#8220; border_radii=&#8220;on|10px|10px|10px|10px&#8220; box_shadow_style=&#8220;preset1&#8243; box_shadow_blur=&#8220;10px&#8220; box_shadow_spread=&#8220;2px&#8220; global_colors_info=&#8220;{}&#8220;][et_pb_column type=&#8220;4_4&#8243; _builder_version=&#8220;4.16&#8243; global_colors_info=&#8220;{}&#8220;][et_pb_text _builder_version=&#8220;4.18.0&#8243; text_font=&#8220;Actor||||||||&#8220; text_text_color=&#8220;#c83280&#8243; text_font_size=&#8220;20px&#8220; text_orientation=&#8220;center&#8220; module_alignment=&#8220;center&#8220; height_tablet=&#8220;&#8220; height_phone=&#8220;134px&#8220; height_last_edited=&#8220;on|phone&#8220; max_height_tablet=&#8220;&#8220; max_height_phone=&#8220;1000px&#8220; max_height_last_edited=&#8220;on|phone&#8220; custom_margin=&#8220;-29px||-29px||false|false&#8220; custom_padding=&#8220;3px|||||&#8220; text_orientation_tablet=&#8220;&#8220; text_orientation_phone=&#8220;center&#8220; text_orientation_last_edited=&#8220;on|phone&#8220; module_alignment_tablet=&#8220;&#8220; module_alignment_phone=&#8220;center&#8220; module_alignment_last_edited=&#8220;on|phone&#8220; global_colors_info=&#8220;{}&#8220;]<\/p>\n<p style=\"text-align: center;\"><span><\/span><\/p>\n<p style=\"text-align: center;\"><span>In unseren Stillbegleitungen gehen wir auf die Bed\u00fcrfnisse des Kindes bzw. der Mutter ein <br \/><\/span><span>und r\u00e4umen auch mit diversen Vorurteilen zum Buntstillen auf.<\/span><\/p>\n<p>[\/et_pb_text][\/et_pb_column][\/et_pb_row][et_pb_row column_structure=&#8220;1_4,1_4,1_4,1_4&#8243; _builder_version=&#8220;4.16&#8243; min_height=&#8220;421px&#8220; custom_margin=&#8220;34px|auto||auto||&#8220; custom_padding=&#8220;63px||64px|||&#8220; global_colors_info=&#8220;{}&#8220;][et_pb_column type=&#8220;1_4&#8243; _builder_version=&#8220;4.16&#8243; global_colors_info=&#8220;{}&#8220;][et_pb_blurb title=&#8220;Stillgruppe   Neusiedl&#8220; url=&#8220;@ET-DC@eyJkeW5hbWljIjp0cnVlLCJjb250ZW50IjoicG9zdF9saW5rX3VybF9wYWdlIiwic2V0dGluZ3MiOnsicG9zdF9pZCI6IjIyNzkifX0=@&#8220; url_new_window=&#8220;on&#8220; image=&#8220;https:\/\/transfer.villahase.at\/wp-content\/uploads\/2020\/06\/Margarete-New.png&#8220; _builder_version=&#8220;4.19.4&#8243; _dynamic_attributes=&#8220;url&#8220; header_font=&#8220;Acme||||||||&#8220; header_text_align=&#8220;center&#8220; header_text_color=&#8220;#c83280&#8243; header_font_size=&#8220;25px&#8220; link_option_url_new_window=&#8220;on&#8220; border_radii=&#8220;on|10px|10px|10px|10px&#8220; box_shadow_style=&#8220;preset1&#8243; box_shadow_blur=&#8220;10px&#8220; box_shadow_spread=&#8220;2px&#8220; global_colors_info=&#8220;{}&#8220;][\/et_pb_blurb][\/et_pb_column][et_pb_column type=&#8220;1_4&#8243; _builder_version=&#8220;4.19.0&#8243; _module_preset=&#8220;default&#8220; global_colors_info=&#8220;{}&#8220;][et_pb_blurb title=&#8220;Kleinkind Stillgruppe&#8220; url=&#8220;@ET-DC@eyJkeW5hbWljIjp0cnVlLCJjb250ZW50IjoicG9zdF9saW5rX3VybF9wYWdlIiwic2V0dGluZ3MiOnsicG9zdF9pZCI6IjE4NTAifX0=@&#8220; url_new_window=&#8220;on&#8220; image=&#8220;https:\/\/transfer.villahase.at\/wp-content\/uploads\/2020\/06\/Margarete-New.png&#8220; _builder_version=&#8220;4.18.0&#8243; _dynamic_attributes=&#8220;url&#8220; header_font=&#8220;Acme||||||||&#8220; header_text_align=&#8220;center&#8220; header_text_color=&#8220;#c83280&#8243; header_font_size=&#8220;25px&#8220; link_option_url_new_window=&#8220;on&#8220; border_radii=&#8220;on|10px|10px|10px|10px&#8220; box_shadow_style=&#8220;preset1&#8243; box_shadow_blur=&#8220;10px&#8220; box_shadow_spread=&#8220;2px&#8220; global_colors_info=&#8220;{}&#8220;][\/et_pb_blurb][\/et_pb_column][et_pb_column type=&#8220;1_4&#8243; _builder_version=&#8220;4.19.0&#8243; _module_preset=&#8220;default&#8220; global_colors_info=&#8220;{}&#8220;][et_pb_blurb title=&#8220;Stillvorbereitung&#8220; url=&#8220;@ET-DC@eyJkeW5hbWljIjp0cnVlLCJjb250ZW50IjoicG9zdF9saW5rX3VybF9wYWdlIiwic2V0dGluZ3MiOnsicG9zdF9pZCI6IjIyOTQifX0=@&#8220; url_new_window=&#8220;on&#8220; image=&#8220;https:\/\/transfer.villahase.at\/wp-content\/uploads\/2020\/06\/Margarete-New.png&#8220; _builder_version=&#8220;4.19.4&#8243; _dynamic_attributes=&#8220;url&#8220; header_font=&#8220;Acme||||||||&#8220; header_text_align=&#8220;center&#8220; header_text_color=&#8220;#c83280&#8243; header_font_size=&#8220;25px&#8220; link_option_url_new_window=&#8220;on&#8220; border_radii=&#8220;on|10px|10px|10px|10px&#8220; box_shadow_style=&#8220;preset1&#8243; box_shadow_blur=&#8220;10px&#8220; box_shadow_spread=&#8220;2px&#8220; global_colors_info=&#8220;{}&#8220;][\/et_pb_blurb][\/et_pb_column][et_pb_column type=&#8220;1_4&#8243; _builder_version=&#8220;4.19.4&#8243; _module_preset=&#8220;default&#8220; global_colors_info=&#8220;{}&#8220;][et_pb_blurb title=&#8220;Stillbeginn&#8220; url=&#8220;@ET-DC@eyJkeW5hbWljIjp0cnVlLCJjb250ZW50IjoicG9zdF9saW5rX3VybF9wYWdlIiwic2V0dGluZ3MiOnsicG9zdF9pZCI6IjIzMjkifX0=@&#8220; url_new_window=&#8220;on&#8220; image=&#8220;https:\/\/transfer.villahase.at\/wp-content\/uploads\/2020\/06\/Margarete-New.png&#8220; _builder_version=&#8220;4.19.4&#8243; _dynamic_attributes=&#8220;url&#8220; header_font=&#8220;Acme||||||||&#8220; header_text_align=&#8220;center&#8220; header_text_color=&#8220;#c83280&#8243; header_font_size=&#8220;25px&#8220; link_option_url_new_window=&#8220;on&#8220; border_radii=&#8220;on|10px|10px|10px|10px&#8220; box_shadow_style=&#8220;preset1&#8243; box_shadow_blur=&#8220;10px&#8220; box_shadow_spread=&#8220;2px&#8220; global_colors_info=&#8220;{}&#8220;][\/et_pb_blurb][\/et_pb_column][\/et_pb_row][\/et_pb_section]<\/p>\n","protected":false},"excerpt":{"rendered":"<p>Wenn man heutzutage eine Puppe kauft, ist beim Standardzubeh\u00f6r bereits eine Flasche mit dabei.\u00a0 Das Stillen ein nat\u00fcrlicher Prozess ist und zum Kennenlernen zwischen Mutter und Kind dient, wird so in unserer Gesellschaft mehr und mehr verdr\u00e4ngt. Uns, von der Villa Hase ist es ein anliegen diesen nat\u00fcrlichen Prozess zu f\u00f6rdern und zu begleiten.\u00a0 Bereits [&hellip;]<\/p>\n","protected":false},"author":1,"featured_media":0,"parent":0,"menu_order":0,"comment_status":"closed","ping_status":"closed","template":"","meta":{"_et_pb_use_builder":"on","_et_pb_old_content":"","_et_gb_content_width":""},"_links":{"self":[{"href":"https:\/\/www.villahase.at\/index.php?rest_route=\/wp\/v2\/pages\/1774"}],"collection":[{"href":"https:\/\/www.villahase.at\/index.php?rest_route=\/wp\/v2\/pages"}],"about":[{"href":"https:\/\/www.villahase.at\/index.php?rest_route=\/wp\/v2\/types\/page"}],"author":[{"embeddable":true,"href":"https:\/\/www.villahase.at\/index.php?rest_route=\/wp\/v2\/users\/1"}],"replies":[{"embeddable":true,"href":"https:\/\/www.villahase.at\/index.php?rest_route=%2Fwp%2Fv2%2Fcomments&post=1774"}],"version-history":[{"count":28,"href":"https:\/\/www.villahase.at\/index.php?rest_route=\/wp\/v2\/pages\/1774\/revisions"}],"predecessor-version":[{"id":2340,"href":"https:\/\/www.villahase.at\/index.php?rest_route=\/wp\/v2\/pages\/1774\/revisions\/2340"}],"wp:attachment":[{"href":"https:\/\/www.villahase.at\/index.php?rest_route=%2Fwp%2Fv2%2Fmedia&parent=1774"}],"curies":[{"name":"wp","href":"https:\/\/api.w.org\/{rel}","templated":true}]}}