{"id":1740,"date":"2020-06-23T14:37:56","date_gmt":"2020-06-23T14:37:56","guid":{"rendered":"https:\/\/transfer.villahase.at\/?page_id=1740"},"modified":"2022-08-24T09:56:15","modified_gmt":"2022-08-24T09:56:15","slug":"impulsvortraege","status":"publish","type":"page","link":"https:\/\/www.villahase.at\/?page_id=1740","title":{"rendered":"Impulsvortr\u00e4ge"},"content":{"rendered":"<p>[et_pb_section fb_built=&#8220;1&#8243; _builder_version=&#8220;4.16&#8243; min_height=&#8220;999px&#8220; custom_padding=&#8220;60px||164px|||&#8220; top_divider_style=&#8220;clouds2&#8243; top_divider_color=&#8220;#d8bee2&#8243; bottom_divider_style=&#8220;clouds2&#8243; bottom_divider_color=&#8220;#d8bee2&#8243; global_colors_info=&#8220;{}&#8220;][et_pb_row _builder_version=&#8220;4.16&#8243; custom_padding=&#8220;60px|||||&#8220; global_colors_info=&#8220;{}&#8220;][et_pb_column type=&#8220;4_4&#8243; _builder_version=&#8220;4.16&#8243; global_colors_info=&#8220;{}&#8220;][et_pb_post_title meta=&#8220;off&#8220; _builder_version=&#8220;4.18.0&#8243; title_font=&#8220;Acme|700|||||||&#8220; title_text_color=&#8220;#c83280&#8243; title_font_size=&#8220;39px&#8220; text_orientation=&#8220;center&#8220; custom_margin=&#8220;10px|||||&#8220; hover_enabled=&#8220;0&#8243; global_colors_info=&#8220;{}&#8220; sticky_enabled=&#8220;0&#8243;][\/et_pb_post_title][\/et_pb_column][\/et_pb_row][et_pb_row column_structure=&#8220;3_5,2_5&#8243; _builder_version=&#8220;4.16&#8243; custom_padding=&#8220;4px||62px|||&#8220; global_colors_info=&#8220;{}&#8220;][et_pb_column type=&#8220;3_5&#8243; _builder_version=&#8220;4.16&#8243; global_colors_info=&#8220;{}&#8220;][et_pb_text _builder_version=&#8220;4.18.0&#8243; text_font=&#8220;Actor||||||||&#8220; text_font_size=&#8220;20px&#8220; min_height=&#8220;130px&#8220; custom_margin=&#8220;68px|||||&#8220; hover_enabled=&#8220;0&#8243; global_colors_info=&#8220;{}&#8220; sticky_enabled=&#8220;0&#8243;]<\/p>\n<p><span>Von der Empf\u00e4ngnis bis ins Kleinkindalter gibt es Unmengen an Themen und Phasen die polarisieren und interessieren. Neue Erkenntnisse und Studien, auch zu traditionellen Methoden erscheinen am laufenden Band und man verliert hier leicht den \u00dcberblick.<\/span><\/p>\n<p><span>Meine Impulsvortr\u00e4ge sollen aufzeigen welche M\u00f6glichkeiten es zu den unterschiedlichsten Lebenssituationen einer Familie gibt, und Interesse wecken, neues und altbew\u00e4hrtes kennenzulernen.<\/span><\/p>\n<p>[\/et_pb_text][\/et_pb_column][et_pb_column type=&#8220;2_5&#8243; _builder_version=&#8220;4.16&#8243; global_colors_info=&#8220;{}&#8220;][et_pb_image src=&#8220;https:\/\/transfer.villahase.at\/wp-content\/uploads\/2020\/06\/Wegweiser-Neu.png&#8220; title_text=&#8220;Wegweiser Neu&#8220; _builder_version=&#8220;4.16&#8243; _module_preset=&#8220;default&#8220; global_colors_info=&#8220;{}&#8220;][\/et_pb_image][\/et_pb_column][\/et_pb_row][et_pb_row _builder_version=&#8220;4.16&#8243; background_color=&#8220;#d8bee2&#8243; custom_padding=&#8220;0px|||||&#8220; border_radii=&#8220;on|10px|10px|10px|10px&#8220; box_shadow_style=&#8220;preset1&#8243; box_shadow_blur=&#8220;10px&#8220; box_shadow_spread=&#8220;2px&#8220; global_colors_info=&#8220;{}&#8220;][et_pb_column type=&#8220;4_4&#8243; _builder_version=&#8220;4.16&#8243; global_colors_info=&#8220;{}&#8220;][et_pb_text _builder_version=&#8220;4.18.0&#8243; text_font=&#8220;Actor||||||||&#8220; text_text_color=&#8220;#c83280&#8243; text_font_size=&#8220;20px&#8220; min_height=&#8220;47px&#8220; hover_enabled=&#8220;0&#8243; global_colors_info=&#8220;{}&#8220; sticky_enabled=&#8220;0&#8243; custom_margin=&#8220;33px||3px||false|false&#8220;]<\/p>\n<p style=\"text-align: center;\"><span>In ca. 90 Minuten wollen wir gemeinsam ein Thema besprechen und individuelle M\u00f6glichkeiten<\/span><\/p>\n<p style=\"text-align: center;\"><span> f\u00fcr Eure Lebensphase zu finden.<\/span><\/p>\n<p>[\/et_pb_text][\/et_pb_column][\/et_pb_row][et_pb_row _builder_version=&#8220;4.16&#8243; min_height=&#8220;421px&#8220; custom_margin=&#8220;34px|auto||auto||&#8220; custom_padding=&#8220;62px||79px|||&#8220; global_colors_info=&#8220;{}&#8220;][et_pb_column type=&#8220;4_4&#8243; _builder_version=&#8220;4.16&#8243; global_colors_info=&#8220;{}&#8220;][et_pb_blurb title=&#8220;Impulsvortag &#8211; Bindeweisen f\u00fcr Schwangere nach FTZ\u00a9Babytragen&#8220; url=&#8220;@ET-DC@eyJkeW5hbWljIjp0cnVlLCJjb250ZW50IjoicG9zdF9saW5rX3VybF9wYWdlIiwic2V0dGluZ3MiOnsicG9zdF9pZCI6IjE4ODcifX0=@&#8220; url_new_window=&#8220;on&#8220; image=&#8220;https:\/\/transfer.villahase.at\/wp-content\/uploads\/2020\/06\/Margarete-New.png&#8220; _builder_version=&#8220;4.18.0&#8243; _dynamic_attributes=&#8220;url&#8220; header_font=&#8220;Acme||||||||&#8220; header_text_align=&#8220;center&#8220; header_text_color=&#8220;#c83280&#8243; header_font_size=&#8220;25px&#8220; background_enable_color=&#8220;off&#8220; link_option_url_new_window=&#8220;on&#8220; hover_enabled=&#8220;0&#8243; border_radii=&#8220;on|10px|10px|10px|10px&#8220; box_shadow_style=&#8220;preset1&#8243; box_shadow_blur=&#8220;10px&#8220; box_shadow_spread=&#8220;2px&#8220; global_colors_info=&#8220;{}&#8220; sticky_enabled=&#8220;0&#8243;][\/et_pb_blurb][\/et_pb_column][\/et_pb_row][et_pb_row _builder_version=&#8220;4.16&#8243; background_color=&#8220;#d8bee2&#8243; min_height=&#8220;102px&#8220; custom_padding=&#8220;32px|||||&#8220; border_radii=&#8220;on|10px|10px|10px|10px&#8220; box_shadow_style=&#8220;preset1&#8243; box_shadow_blur=&#8220;10px&#8220; box_shadow_spread=&#8220;2px&#8220; global_colors_info=&#8220;{}&#8220;][et_pb_column type=&#8220;4_4&#8243; _builder_version=&#8220;4.16&#8243; global_colors_info=&#8220;{}&#8220;][et_pb_text _builder_version=&#8220;4.18.0&#8243; text_font=&#8220;Actor||||||||&#8220; text_text_color=&#8220;#c83280&#8243; text_font_size=&#8220;20px&#8220; custom_margin=&#8220;-5px||-39px||false|false&#8220; hover_enabled=&#8220;0&#8243; global_colors_info=&#8220;{}&#8220; sticky_enabled=&#8220;0&#8243;]<\/p>\n<p style=\"text-align: center;\"><span>Zu einigen Impulsvortr\u00e4gen gibts es auch folge Workshops in welchen das Thema vertieft behandelt wird. Hierzu bieten wir Paketpreise an, welche den Impulsvortrag und den Workshop beinhalten.<\/span><\/p>\n<p>[\/et_pb_text][\/et_pb_column][\/et_pb_row][\/et_pb_section]<\/p>\n","protected":false},"excerpt":{"rendered":"<p>Von der Empf\u00e4ngnis bis ins Kleinkindalter gibt es Unmengen an Themen und Phasen die polarisieren und interessieren. Neue Erkenntnisse und Studien, auch zu traditionellen Methoden erscheinen am laufenden Band und man verliert hier leicht den \u00dcberblick. Meine Impulsvortr\u00e4ge sollen aufzeigen welche M\u00f6glichkeiten es zu den unterschiedlichsten Lebenssituationen einer Familie gibt, und Interesse wecken, neues und [&hellip;]<\/p>\n","protected":false},"author":1,"featured_media":0,"parent":0,"menu_order":0,"comment_status":"closed","ping_status":"closed","template":"","meta":{"_et_pb_use_builder":"on","_et_pb_old_content":"","_et_gb_content_width":""},"_links":{"self":[{"href":"https:\/\/www.villahase.at\/index.php?rest_route=\/wp\/v2\/pages\/1740"}],"collection":[{"href":"https:\/\/www.villahase.at\/index.php?rest_route=\/wp\/v2\/pages"}],"about":[{"href":"https:\/\/www.villahase.at\/index.php?rest_route=\/wp\/v2\/types\/page"}],"author":[{"embeddable":true,"href":"https:\/\/www.villahase.at\/index.php?rest_route=\/wp\/v2\/users\/1"}],"replies":[{"embeddable":true,"href":"https:\/\/www.villahase.at\/index.php?rest_route=%2Fwp%2Fv2%2Fcomments&post=1740"}],"version-history":[{"count":19,"href":"https:\/\/www.villahase.at\/index.php?rest_route=\/wp\/v2\/pages\/1740\/revisions"}],"predecessor-version":[{"id":2244,"href":"https:\/\/www.villahase.at\/index.php?rest_route=\/wp\/v2\/pages\/1740\/revisions\/2244"}],"wp:attachment":[{"href":"https:\/\/www.villahase.at\/index.php?rest_route=%2Fwp%2Fv2%2Fmedia&parent=1740"}],"curies":[{"name":"wp","href":"https:\/\/api.w.org\/{rel}","templated":true}]}}